{"id":7317,"date":"2024-11-18T20:21:09","date_gmt":"2024-11-18T20:21:09","guid":{"rendered":"https:\/\/justdarling.co.za\/tev\/?page_id=7317"},"modified":"2025-08-08T09:47:20","modified_gmt":"2025-08-08T09:47:20","slug":"harvest-table-terms-and-conditions","status":"publish","type":"page","link":"https:\/\/justdarling.co.za\/tev\/harvest-table-terms-and-conditions\/","title":{"rendered":"Harvest Table Terms and Conditions"},"content":{"rendered":"\t\t<div data-elementor-type=\"wp-page\" data-elementor-id=\"7317\" class=\"elementor elementor-7317\">\n\t\t\t\t<div class=\"elementor-element elementor-element-4af0feb e-flex e-con-boxed e-con e-parent\" data-id=\"4af0feb\" data-element_type=\"container\" data-e-type=\"container\">\n\t\t\t\t\t<div class=\"e-con-inner\">\n\t\t<div class=\"elementor-element elementor-element-2723d24 e-con-full e-flex e-con e-child\" data-id=\"2723d24\" data-element_type=\"container\" data-e-type=\"container\">\n\t\t\t\t<div class=\"elementor-element elementor-element-880a6f2 elementor-widget elementor-widget-text-editor\" data-id=\"880a6f2\" data-element_type=\"widget\" data-e-type=\"widget\" data-widget_type=\"text-editor.default\">\n\t\t\t\t<div class=\"elementor-widget-container\">\n\t\t\t\t\t\t\t\t\t<div><div class=\"paragraph\"><div class=\"paragraph\"><p class=\"p1\"><b>F U N C T I O N<span class=\"Apple-converted-space\">\u00a0 <\/span>B O O K I N G<span class=\"Apple-converted-space\">\u00a0 <\/span>T E R M S<br \/><br \/><\/b><b><\/b><\/p><p class=\"p3\">1.1. The restaurant quotes are only valid for seven (7) days from the date of issue, whereafter such quotation will expire automatically.<\/p><p class=\"p3\">1.2. Should the Client wish to proceed with the booking process, the restaurant will furnish an invoice in accordance with the items selected and the payment schedule below.<\/p><p class=\"p3\">1.3. In order to confirm your booking a deposit of R1500.00 will need to be paid. This deposit will be paid towards your venue hire.<\/p><p class=\"p1\">1.4. We do not charge a venue hire on Weekdays \u2013 Monday to Thursday (Excludes Public Holidays and December). We do not charge any venue hire for bookings after 18h00 on Friday, Saturday and Sundays. In the above cases, the deposit paid will then be deducted off your final bill on the day of the function.<b><\/b><\/p><p class=\"p3\">1.5. The function venue is available for 3 hours \u2013 any overtime after this allocation will be billed at a rate of R1000 per hour.<\/p><p class=\"p1\">1.6. No food or beverages will be permitted to be brought into the venue. If you would like to bring a cake or cupcakes, please note that we charge a Cakage fee of R10.00 per person.<\/p><p class=\"p1\">1.7. Our private section and menu is strictly for functions of 20 people or more. If your function falls below 20 people on the day, you will no longer have the space privately and other guests will be allowed to be seated around you.<b><\/b><\/p><p class=\"p3\">1.8. The venue does not supply any d\u00e9cor for the function in the form of placemats, vases, flowers, fabric napkins, balloons, tablecloths or runners.<\/p><p class=\"p3\">1.9. The venue can supply white tablecloths for the food table.<\/p><p class=\"p3\">1.10. The restaurant staff is not permitted to assist with the set up of any d\u00e9cor, carrying d\u00e9cor from or to vehicles, or storing d\u00e9cor after the function is complete.<\/p><p class=\"p3\">1.11. No d\u00e9cor is permitted to be stuck on the walls or hung from the ceiling. No Prestik or double-sided tape will be permitted to be used. A fine of R500 will be charged for any damage caused to the restaurant property because of non-compliance with this clause.<\/p><p class=\"p3\">1.12. No PA System, sound system or mic will be permitted to be used within the store unless previously agreed by Just Darling in advance.<\/p><p class=\"p3\">1.13. Should you wish to bring in a wine that is not listed on our wine list, please note a corkage will be charged at R130 per bottle.<\/p><p>\u00a0<\/p><p class=\"p1\"><b>P A Y M E N T<span class=\"Apple-converted-space\">\u00a0 <\/span>S C H E D U L E<span class=\"Apple-converted-space\">\u00a0 <\/span>F O R<span class=\"Apple-converted-space\">\u00a0 <\/span>F U N C T I O N<\/b><b><\/b><\/p><p>\u00a0<\/p><p class=\"p3\">Upon booking: Fifty per cent (50%) of the total amount on the Invoice is required as a deposit to secure the venue and date.<\/p><p class=\"p3\">Day of the function: Balance of the total invoice plus any additions and overtime due.<\/p><p class=\"p3\">2.1. Once the payment has cleared in the restaurant\u2019s bank account, the Event Coordinator will send to the Client an email confirming acceptance of the booking.<\/p><p class=\"p3\">2.2. In the event of non-payment of the fees within the specified time contemplated in clause 1.1 above, the restaurant shall be entitled to cancel this Agreement due to non-compliance, without further notice or liability to the Client. All monies paid are non-refundable.<\/p><p class=\"p3\">2.4. Interest on any late payments will be charged at the ruling bank prime overdraft rate plus two per cent (2%).<\/p><p class=\"p3\">2.5. Should any additional guests arrive on the day of the function, the Client will be informed and will be liable to pay the full amount due on the day of the function, in which case the restaurant will not be liable if the table settings are not sufficient.<\/p><p class=\"p3\">2.6. No cash payments will be accepted by the Restaurant.<\/p><p>\u00a0<\/p><p class=\"p1\"><b>B A N K I N G<span class=\"Apple-converted-space\">\u00a0 <\/span>D E T A I L S<br \/><br \/><\/b><b><\/b><\/p><p class=\"p3\">ACCOUNT NAME: Louw Dow Pty Ltd<\/p><p class=\"p3\">BANK: FIRST NATIONAL BANK<\/p><p class=\"p3\">BRANCH CODE: 210819<\/p><p class=\"p3\">ACCOUNT: 63008342337<\/p><p class=\"p3\">YOUR REFERENCE: Name &amp; Booking Date<\/p><p>\u00a0<\/p><p class=\"p1\"><b>C A N C E L L A T I O N<span class=\"Apple-converted-space\">\u00a0 <\/span>T E R M S<br \/><br \/><\/b><b><\/b><\/p><p class=\"p3\">3.1. All cancellations must be in writing and e-mailed to the Restaurant\u2019s Event Coordinator.<\/p><p class=\"p3\">3.2. Should the Client wish to cancel the booking, the restaurant will furnish an invoice in accordance with the table contemplated below.<\/p><p>\u00a0<\/p><p class=\"p1\"><b>CANCELLATION SCHEDULE FOR FUNCTIONS<br \/><br \/><\/b><b><\/b><\/p><ul><li><p class=\"p1\">More than two weeks (14) days before the function: One hundred per cent (100%) refund due.<\/p><\/li><li><p class=\"p1\">Four days or more (4) days\u2019 notice: Fifty per cent (50%) charge of the total Invoice is non-refundable, the difference refundable.<\/p><\/li><li><p class=\"p1\">Less than Three Days (3) days\u2019 notice: One hundred per cent (100%) charge of the total invoice is due for payment, and no refund.<\/p><\/li><\/ul><p>\u00a0<\/p><\/div><div class=\"paragraph\">\u00a0<\/div><div class=\"paragraph\">T&#8217;s &amp; C&#8217;s Apply. E&amp;OE. Subject to Availability.<\/div><\/div><\/div>\t\t\t\t\t\t\t\t<\/div>\n\t\t\t\t<\/div>\n\t\t\t\t<\/div>\n\t\t\t\t\t<\/div>\n\t\t\t\t<\/div>\n\t\t\t\t<\/div>\n\t\t","protected":false},"excerpt":{"rendered":"<p>F U N C T I O N\u00a0 B O O K I N G\u00a0 T E R M S 1.1. The restaurant quotes are only valid for seven (7) days from the date of issue, whereafter such quotation will expire automatically. 1.2. Should the Client wish to proceed with the booking process, the restaurant [&hellip;]<\/p>\n","protected":false},"author":10,"featured_media":0,"parent":0,"menu_order":0,"comment_status":"closed","ping_status":"closed","template":"","meta":{"_acf_changed":false,"footnotes":""},"class_list":["post-7317","page","type-page","status-publish","hentry"],"acf":[],"_links":{"self":[{"href":"https:\/\/justdarling.co.za\/tev\/wp-json\/wp\/v2\/pages\/7317","targetHints":{"allow":["GET"]}}],"collection":[{"href":"https:\/\/justdarling.co.za\/tev\/wp-json\/wp\/v2\/pages"}],"about":[{"href":"https:\/\/justdarling.co.za\/tev\/wp-json\/wp\/v2\/types\/page"}],"author":[{"embeddable":true,"href":"https:\/\/justdarling.co.za\/tev\/wp-json\/wp\/v2\/users\/10"}],"replies":[{"embeddable":true,"href":"https:\/\/justdarling.co.za\/tev\/wp-json\/wp\/v2\/comments?post=7317"}],"version-history":[{"count":7,"href":"https:\/\/justdarling.co.za\/tev\/wp-json\/wp\/v2\/pages\/7317\/revisions"}],"predecessor-version":[{"id":7427,"href":"https:\/\/justdarling.co.za\/tev\/wp-json\/wp\/v2\/pages\/7317\/revisions\/7427"}],"wp:attachment":[{"href":"https:\/\/justdarling.co.za\/tev\/wp-json\/wp\/v2\/media?parent=7317"}],"curies":[{"name":"wp","href":"https:\/\/api.w.org\/{rel}","templated":true}]}}